{"id":150,"date":"2025-03-01T16:58:26","date_gmt":"2025-03-01T16:58:26","guid":{"rendered":"https:\/\/www.tefromes.com.pl\/?product=taurus-505-steel-synergic-s"},"modified":"2025-03-01T16:58:26","modified_gmt":"2025-03-01T16:58:26","slug":"taurus-505-steel-synergic-s","status":"publish","type":"product","link":"https:\/\/www.tefromes.com.pl\/?product=taurus-505-steel-synergic-s","title":{"rendered":"Taurus 505 Steel Synergic S"},"content":{"rendered":"<h1>Taurus 505 Steel Synergic S<\/h1>\n<ul>\n<li>Spawarka inwertorowa MIG\/MAG ze zoptymalizowanymi charakterystykami Synergic do spawania stali<\/li>\n<li>Spawanie metod\u0105 MIG\/MAG, spawanie elektrod\u0105 otulon\u0105 i \u017c\u0142obienie<\/li>\n<li>Metody i funkcje<\/li>\n<li>Spawanie drutem pe\u0142nym i proszkowym<\/li>\n<li>Bezstopniowa regulacja dynamiki \u0142uku (d\u0142awienie)<\/li>\n<li>Regulowane funkcje wype\u0142niania krateru pocz\u0105tkowego i ko\u0144cowego<\/li>\n<li>Synergic lub spawanie r\u0119czne<\/li>\n<li>Korzy\u015bci<\/li>\n<li>Opcja fabryczna: Podw\u00f3jne zabezpieczenie dzi\u0119ki dodatkowemu zaworowi gazu<\/li>\n<li>Bardzo precyzyjny, efektywny 4-rolkowy nap\u0119d podawania drutu EWM eFeed zapewnia niezawodne podawanie wszystkich drut\u00f3w pe\u0142nych i proszkowych<\/li>\n<li>Wyposa\u017cone w rolki UNI 1,0-1,2 mm do stali nisko- i wysokostopowej<\/li>\n<li>Wysokie napi\u0119cie ja\u0142owe zapewniaj\u0105ce bardzo dobre w\u0142a\u015bciwo\u015bci zap\u0142onu<\/li>\n<li>Oszcz\u0119dno\u015b\u0107 pr\u0105du dzi\u0119ki wysokiej sprawno\u015bci i funkcji standby<\/li>\n<li>\u0141atwa zmiana biegunowo\u015bci pr\u0105du spawania bez u\u017cycia narz\u0119dzi<\/li>\n<li>Ochrona przed bryzgami wody IP23<\/li>\n<li>Mo\u017cliwo\u015b\u0107 pod\u0142\u0105czenia zdalnego sterowania i uchwytu funkcyjnego (tylko up\/down)<\/li>\n<li>Bardzo dobre ch\u0142odzenie uchwytu zapewnia zmniejszenie koszt\u00f3w cz\u0119\u015bci eksploatacyjnych do uchwyt\u00f3w spawalniczych dzi\u0119ki wydajnej pompie wirnikowej i zbiornikowi na wod\u0119 5 l (ch\u0142odnica cool50)<\/li>\n<li>W zestawie praktyczny wspornik do od\u0142o\u017cenia uchwytu spawalniczego<\/li>\n<li>Kontrola przewodu ochronnego (PE)<\/li>\n<li>Bezp\u0142atny pakiet WPQR do certyfikacji a\u017c do EXC2 w\u0142\u0105cznie zgodnie z EN 1090 i do spawania niestopowych stali do S355 w\u0142\u0105cznie.<\/li>\n<\/ul>\n<p><b class=\"col-xs-6\">Wersja:<\/b> <b class=\"col-xs-6\">Taurus 505 <\/b><br \/><b class=\"col-xs-6\">Zakres regulacji pr\u0105du spawania:<\/b> <b class=\"col-xs-6\">5 A &#8211; 500 A<\/b><br \/><b class=\"col-xs-6\">Cykl pracy 40 \u00b0C:<\/b> <b class=\"col-xs-6\">500 A \/ 60 %<\/b><br \/><b class=\"col-xs-6\">Cykl pracy 40 \u00b0C:<\/b> <b class=\"col-xs-6\">430 A \/ 100 %<\/b><br \/><b class=\"col-xs-6\">Napi\u0119cie biegu ja\u0142owego:<\/b> <b class=\"col-xs-6\">79 V<\/b><br \/><b class=\"col-xs-6\">Napi\u0119cie sieciowe (fabrycznie):<\/b> <b class=\"col-xs-6\">3 x 400 V<\/b><br \/><b class=\"col-xs-6\">Tolerancje sieciowe (fabrycznie):<\/b> <b class=\"col-xs-6\">-25 % do +20 %<\/b><br \/><b class=\"col-xs-6\">Cz\u0119stotliwo\u015b\u0107 sieci:<\/b> <b class=\"col-xs-6\">50 Hz \/ 60 Hz<\/b><br \/><b class=\"col-xs-6\">Zalecana moc pr\u0105dnicy:<\/b> <b class=\"col-xs-6\">33.2 kVA<\/b><br \/><b class=\"col-xs-6\">Sprawno\u015b\u0107:<\/b> <b class=\"col-xs-6\">90 %<\/b><br \/><b class=\"col-xs-6\">Stopie\u0144 ochrony:<\/b> <b class=\"col-xs-6\">IP23 <\/b><br \/><b class=\"col-xs-6\">znak testowy:<\/b> <b class=\"col-xs-6\">    \t                                                                                                                                                                                                                                                                                                                                                                                                                                                           <\/b><br \/><b class=\"col-xs-6\">Klasa EMC:<\/b> <b class=\"col-xs-6\">A <\/b><br \/><b class=\"col-xs-6\">Wymiary (L x B x H):<\/b> <b class=\"col-xs-6\">625 mm x 298 mm x 531 mm<\/b><br \/><b class=\"col-xs-6\">Wymiary (L x B x H):<\/b> <b class=\"col-xs-6\">24.6 inch x 11.7 inch x 20.9 inch<\/b><br \/><b class=\"col-xs-6\">Masa:<\/b> <b class=\"col-xs-6\">45 kg \/ 99.2 lbs<\/b><br \/><b class=\"col-xs-6\">Normy:<\/b> <b class=\"col-xs-6\">IEC 60974-1, -10 CL.A <\/b><\/p>\n","protected":false},"excerpt":{"rendered":"<p>Cena za samo \u017ar\u00f3d\u0142o pr\u0105du EWM<\/p>\n","protected":false},"featured_media":174,"comment_status":"closed","ping_status":"open","template":"","meta":{"_kad_blocks_custom_css":"","_kad_blocks_head_custom_js":"","_kad_blocks_body_custom_js":"","_kad_blocks_footer_custom_js":"","_kadence_starter_templates_imported_post":false,"_kad_post_transparent":"","_kad_post_title":"","_kad_post_layout":"","_kad_post_sidebar_id":"","_kad_post_content_style":"","_kad_post_vertical_padding":"","_kad_post_feature":"","_kad_post_feature_position":"","_kad_post_header":false,"_kad_post_footer":false},"product_brand":[16],"product_cat":[],"product_tag":[],"class_list":{"0":"post-150","1":"product","2":"type-product","3":"status-publish","4":"has-post-thumbnail","6":"product_brand-ewm-ag","8":"first","9":"instock","10":"taxable","11":"shipping-taxable","12":"purchasable","13":"product-type-simple","14":"entry","15":"content-bg","16":"loop-entry"},"taxonomy_info":{"product_brand":[{"value":16,"label":"EWM AG"}]},"featured_image_src_large":["https:\/\/www.tefromes.com.pl\/wp-content\/uploads\/2025\/03\/IM0060043.jpg",500,500,false],"author_info":[],"comment_info":0,"_links":{"self":[{"href":"https:\/\/www.tefromes.com.pl\/index.php?rest_route=\/wp\/v2\/product\/150","targetHints":{"allow":["GET"]}}],"collection":[{"href":"https:\/\/www.tefromes.com.pl\/index.php?rest_route=\/wp\/v2\/product"}],"about":[{"href":"https:\/\/www.tefromes.com.pl\/index.php?rest_route=\/wp\/v2\/types\/product"}],"replies":[{"embeddable":true,"href":"https:\/\/www.tefromes.com.pl\/index.php?rest_route=%2Fwp%2Fv2%2Fcomments&post=150"}],"wp:featuredmedia":[{"embeddable":true,"href":"https:\/\/www.tefromes.com.pl\/index.php?rest_route=\/wp\/v2\/media\/174"}],"wp:attachment":[{"href":"https:\/\/www.tefromes.com.pl\/index.php?rest_route=%2Fwp%2Fv2%2Fmedia&parent=150"}],"wp:term":[{"taxonomy":"product_brand","embeddable":true,"href":"https:\/\/www.tefromes.com.pl\/index.php?rest_route=%2Fwp%2Fv2%2Fproduct_brand&post=150"},{"taxonomy":"product_cat","embeddable":true,"href":"https:\/\/www.tefromes.com.pl\/index.php?rest_route=%2Fwp%2Fv2%2Fproduct_cat&post=150"},{"taxonomy":"product_tag","embeddable":true,"href":"https:\/\/www.tefromes.com.pl\/index.php?rest_route=%2Fwp%2Fv2%2Fproduct_tag&post=150"}],"curies":[{"name":"wp","href":"https:\/\/api.w.org\/{rel}","templated":true}]}}