{"id":133,"date":"2025-03-01T16:58:20","date_gmt":"2025-03-01T16:58:20","guid":{"rendered":"https:\/\/www.tefromes.com.pl\/?product=picomig-180-puls-tkg-set"},"modified":"2025-03-01T16:58:20","modified_gmt":"2025-03-01T16:58:20","slug":"picomig-180-puls-tkg-set","status":"publish","type":"product","link":"https:\/\/www.tefromes.com.pl\/?product=picomig-180-puls-tkg-set","title":{"rendered":"Picomig 180 puls TKG Set"},"content":{"rendered":"<h1>Picomig 180 puls TKG Set<\/h1>\n<ul>\n<li>Wieloprocesowa spawarka inwertorowa, impuls w zestawie<\/li>\n<li>\u0141atwa regulacja jednym pokr\u0119t\u0142em Synergic ze zintegrowanym nap\u0119dem podawania drutu<\/li>\n<li>Zestaw sk\u0142adaj\u0105cy si\u0119 z nast\u0119puj\u0105cych element\u00f3w:<\/li>\n<li>Picomig 180 puls, uchwyt spawalniczy MT 221 G, rolka z drutem proszkowym (FCW 71T SELFSHIELD 2kg, \u00d8 0,9 mm), rolka z drutem stalowym (SW 70S G3 2 kg, \u00d8 0,8 mm), przew\u00f3d masy, w\u0105\u017c gazu, reduktor ci\u015bnienia i dysza gazowa z drutem proszkowym<\/li>\n<li>Metody i funkcje<\/li>\n<li>Impulsowe \u0142ukowe spawanie metali w os\u0142onie gaz\u00f3w i standardowe \u0142ukowe spawanie metali w os\u0142onie gaz\u00f3w<\/li>\n<li>Dzi\u0119ki funkcji pulsowania znacznie ograniczone powstawanie rozprysk\u00f3w i dzi\u0119ki temu mniej pracy zwi\u0105zanej z dodatkow\u0105 obr\u00f3bk\u0105<\/li>\n<li>Impulsowe \u0142ukowe spawanie aluminium i jego stop\u00f3w w os\u0142onie gaz\u00f3w<\/li>\n<li>Charakterystyki Synergic do stali\/CrNi\/aluminium<\/li>\n<li>Spawanie elektrod\u0105 otulon\u0105 i spawanie metod\u0105 TIG-Liftarc<\/li>\n<li>Optymalna do spawania z u\u017cyciem samoos\u0142onowych drut\u00f3w proszkowych<\/li>\n<li>Bezstopniowa regulacja dynamiki \u0142uku (d\u0142awienie)<\/li>\n<li>Synergic lub spawanie r\u0119czne<\/li>\n<li>Praca w trybie 2-taktu \/ 4-taktu<\/li>\n<li>Spawanie z przerwami<\/li>\n<li>Regulowany czas pocz\u0105tkowego i ko\u0144cowego wyp\u0142ywu gazu<\/li>\n<li>Korzy\u015bci<\/li>\n<li>Przeno\u015bna, kompaktowa<\/li>\n<li>Solidna obudowa przystosowana do u\u017cytku na budowie<\/li>\n<li>Wysokie napi\u0119cie ja\u0142owe zapewniaj\u0105ce bardzo dobre w\u0142a\u015bciwo\u015bci zap\u0142onu<\/li>\n<li>4-rolkowy nap\u0119d Swissfeed. Wyposa\u017cona do drut\u00f3w stalowych 0,8 mm + 1,0 mm<\/li>\n<li>Oszcz\u0119dno\u015b\u0107 pr\u0105du dzi\u0119ki wysokiej sprawno\u015bci i funkcji standby<\/li>\n<li>\u0141atwa zmiana biegunowo\u015bci pr\u0105du spawania bez u\u017cycia narz\u0119dzi<\/li>\n<li>Zabezpieczenie przed zwarciem doziemnym (os\u0142ona PE)<\/li>\n<li>Przew\u00f3d sieciowy 3,5 m z wtykiem Schuko 16 A<\/li>\n<li>Bezp\u0142atny pakiet WPQR do certyfikacji a\u017c do EXC2 w\u0142\u0105cznie zgodnie z EN 1090 i do spawania niestopowych stali do S355 w\u0142\u0105cznie.<\/li>\n<li>Ochrona przed przepi\u0119ciem: Brak uszkodzenia urz\u0105dzenia w przypadku omy\u0142kowego pod\u0142\u0105czenia do \u017ar\u00f3d\u0142a 400V.<\/li>\n<\/ul>\n<p><b class=\"col-xs-6\">Wersja:<\/b> <b class=\"col-xs-6\">Picomig 180 puls <\/b><br \/><b class=\"col-xs-6\">Zakres regulacji pr\u0105du spawania:<\/b> <b class=\"col-xs-6\">5 A &#8211; 180 A<\/b><br \/><b class=\"col-xs-6\">Cykl pracy 40 \u00b0C:<\/b> <b class=\"col-xs-6\">180 A \/ 25 %<\/b><br \/><b class=\"col-xs-6\">Cykl pracy 40 \u00b0C:<\/b> <b class=\"col-xs-6\">120 A \/ 60 %<\/b><br \/><b class=\"col-xs-6\">Cykl pracy 40 \u00b0C:<\/b> <b class=\"col-xs-6\">100 A \/ 100 %<\/b><br \/><b class=\"col-xs-6\">Napi\u0119cie biegu ja\u0142owego:<\/b> <b class=\"col-xs-6\">80 V<\/b><br \/><b class=\"col-xs-6\">Napi\u0119cie sieciowe (fabrycznie):<\/b> <b class=\"col-xs-6\">1 x 230 V<\/b><br \/><b class=\"col-xs-6\">Tolerancje sieciowe (fabrycznie):<\/b> <b class=\"col-xs-6\">-40 % do +15 %<\/b><br \/><b class=\"col-xs-6\">Cz\u0119stotliwo\u015b\u0107 sieci:<\/b> <b class=\"col-xs-6\">50 Hz \/ 60 Hz<\/b><br \/><b class=\"col-xs-6\">Zalecana moc pr\u0105dnicy:<\/b> <b class=\"col-xs-6\">8 kVA<\/b><br \/><b class=\"col-xs-6\">Sprawno\u015b\u0107:<\/b> <b class=\"col-xs-6\">86 %<\/b><br \/><b class=\"col-xs-6\">Pr\u0119dko\u015b\u0107 podawania drutu:<\/b> <b class=\"col-xs-6\">1 m\/min &#8211; 15 m\/min<\/b><br \/><b class=\"col-xs-6\">Pr\u0119dko\u015b\u0107 podawania drutu:<\/b> <b class=\"col-xs-6\">39.37 ipm &#8211; 590.55 ipm<\/b><br \/><b class=\"col-xs-6\">Produkt fabrycznie wyposa\u017cony w k\u00f3\u0142ka:<\/b> <b class=\"col-xs-6\">0,8 + 1,0 mm \/ Stal<\/b><br \/><b class=\"col-xs-6\">\u015arednica szpuli:<\/b> <b class=\"col-xs-6\">D200 <\/b><br \/><b class=\"col-xs-6\">Przy\u0142\u0105cze palnika:<\/b> <b class=\"col-xs-6\">Z\u0142\u0105cze centralne <\/b><br \/><b class=\"col-xs-6\">Stopie\u0144 ochrony:<\/b> <b class=\"col-xs-6\">IP23 <\/b><br \/><b class=\"col-xs-6\">znak testowy:<\/b> <b class=\"col-xs-6\">    \t                                                                                                                                                                                                                                                                                                                                                                                                                                                           <\/b><br \/><b class=\"col-xs-6\">Klasa EMC:<\/b> <b class=\"col-xs-6\">A <\/b><br \/><b class=\"col-xs-6\">Wymiary (L x B x H):<\/b> <b class=\"col-xs-6\">559 mm x 276 mm x 340 mm<\/b><br \/><b class=\"col-xs-6\">Wymiary (L x B x H):<\/b> <b class=\"col-xs-6\">22 inch x 10.9 inch x 13.4 inch<\/b><br \/><b class=\"col-xs-6\">Masa:<\/b> <b class=\"col-xs-6\">16 kg \/ 35.3 lbs<\/b><br \/><b class=\"col-xs-6\">Normy:<\/b> <b class=\"col-xs-6\">IEC 60974-1, -5, -10 CL.A <\/b><\/p>\n","protected":false},"excerpt":{"rendered":"<p>Cena za samo \u017ar\u00f3d\u0142o pr\u0105du EWM<\/p>\n","protected":false},"featured_media":168,"comment_status":"closed","ping_status":"open","template":"","meta":{"_kad_blocks_custom_css":"","_kad_blocks_head_custom_js":"","_kad_blocks_body_custom_js":"","_kad_blocks_footer_custom_js":"","_kadence_starter_templates_imported_post":false,"_kad_post_transparent":"","_kad_post_title":"","_kad_post_layout":"","_kad_post_sidebar_id":"","_kad_post_content_style":"","_kad_post_vertical_padding":"","_kad_post_feature":"","_kad_post_feature_position":"","_kad_post_header":false,"_kad_post_footer":false},"product_brand":[16],"product_cat":[],"product_tag":[],"class_list":{"0":"post-133","1":"product","2":"type-product","3":"status-publish","4":"has-post-thumbnail","6":"product_brand-ewm-ag","8":"first","9":"instock","10":"taxable","11":"shipping-taxable","12":"purchasable","13":"product-type-simple","14":"entry","15":"content-bg","16":"loop-entry"},"taxonomy_info":{"product_brand":[{"value":16,"label":"EWM AG"}]},"featured_image_src_large":["https:\/\/www.tefromes.com.pl\/wp-content\/uploads\/2025\/03\/IM0060009.jpg",500,500,false],"author_info":[],"comment_info":0,"_links":{"self":[{"href":"https:\/\/www.tefromes.com.pl\/index.php?rest_route=\/wp\/v2\/product\/133","targetHints":{"allow":["GET"]}}],"collection":[{"href":"https:\/\/www.tefromes.com.pl\/index.php?rest_route=\/wp\/v2\/product"}],"about":[{"href":"https:\/\/www.tefromes.com.pl\/index.php?rest_route=\/wp\/v2\/types\/product"}],"replies":[{"embeddable":true,"href":"https:\/\/www.tefromes.com.pl\/index.php?rest_route=%2Fwp%2Fv2%2Fcomments&post=133"}],"wp:featuredmedia":[{"embeddable":true,"href":"https:\/\/www.tefromes.com.pl\/index.php?rest_route=\/wp\/v2\/media\/168"}],"wp:attachment":[{"href":"https:\/\/www.tefromes.com.pl\/index.php?rest_route=%2Fwp%2Fv2%2Fmedia&parent=133"}],"wp:term":[{"taxonomy":"product_brand","embeddable":true,"href":"https:\/\/www.tefromes.com.pl\/index.php?rest_route=%2Fwp%2Fv2%2Fproduct_brand&post=133"},{"taxonomy":"product_cat","embeddable":true,"href":"https:\/\/www.tefromes.com.pl\/index.php?rest_route=%2Fwp%2Fv2%2Fproduct_cat&post=133"},{"taxonomy":"product_tag","embeddable":true,"href":"https:\/\/www.tefromes.com.pl\/index.php?rest_route=%2Fwp%2Fv2%2Fproduct_tag&post=133"}],"curies":[{"name":"wp","href":"https:\/\/api.w.org\/{rel}","templated":true}]}}